{"id":941,"date":"2018-02-09T07:35:39","date_gmt":"2018-02-09T06:35:39","guid":{"rendered":"https:\/\/www.gloser.de\/start\/?page_id=941"},"modified":"2022-01-10T12:21:58","modified_gmt":"2022-01-10T11:21:58","slug":"aktuelles","status":"publish","type":"page","link":"https:\/\/www.gloser.de\/start\/aktuelles\/","title":{"rendered":"Infos und Presse"},"content":{"rendered":"<p><strong>In dieser Rubrik finden Sie aktuelle Presseinformationen und Infos \u00fcber unsere Arbeiten <\/strong><\/p>\n<table style=\"width: 99.8485%; height: 3206px;\">\n<tbody>\n<tr style=\"height: 560px;\">\n<td style=\"width: 56.2974%; vertical-align: top; text-align: left; height: 560px;\">04. Januar 2022 -Pressemitteilung<br \/>\nBaustelle des Monats 01\/2022 (PERI)<br \/>\n<strong>Einkaufszentrum Dreil\u00e4ndergalerie, Weil am Rhein<\/strong>Um auch herausfordernde Bauvorhaben im geplanten Zeit- und Kostenrahmen abwickeln zu k\u00f6nnen, sind gro\u00dfe Mengen an Schalungs- und Ger\u00fcstmaterial erforderlich. In Weil am Rhein zeigte sich, dass die Koordination von Personal und Material insbesondere auch auf Basis einer guten, vertrauensvollen Zusammenarbeit aller Beteiligten zum gew\u00fcnschten Erfolg f\u00fchren kann. Hierbei unterst\u00fctzte PERI den raschen Baufortschritt mit umfassendem Support sowie Schalungs- und Ger\u00fcstkompetenz aus einer Hand.<\/p>\n<p><a href=\"https:\/\/www.gloser.de\/start\/wp-content\/uploads\/2022\/01\/Einkaufszentrum-Dreilaendergalerie-Weil-am-Rhein-DE-PERI-211217-de.doc.pdf\" target=\"_blank\" rel=\"noopener\">Weiterlesen&#8230;<\/a><\/td>\n<td style=\"width: 43.5508%; height: 560px;\"><img loading=\"lazy\" decoding=\"async\" class=\"wp-image-1410 alignleft\" style=\"border: 1px solid #000000;\" src=\"https:\/\/www.gloser.de\/start\/wp-content\/uploads\/2022\/01\/pdfpreview0122-212x300.jpg\" alt=\"\" width=\"270\" height=\"383\" srcset=\"https:\/\/www.gloser.de\/start\/wp-content\/uploads\/2022\/01\/pdfpreview0122-212x300.jpg 212w, https:\/\/www.gloser.de\/start\/wp-content\/uploads\/2022\/01\/pdfpreview0122.jpg 671w\" sizes=\"auto, (max-width: 270px) 100vw, 270px\" \/><span style=\"font-size: 10pt;\">Mit freundlicher Genehmigung<\/span><br \/>\n<span style=\"font-size: 10pt;\">PERI GmbH \/ Wei\u00dfenhorn<\/span><\/td>\n<\/tr>\n<tr style=\"height: 504px;\">\n<td style=\"width: 56.2974%; vertical-align: top; text-align: left; height: 504px;\">01. Oktober 2020 -Pressemitteilung<\/p>\n<p><strong>Ein Wahrzeichen wird saniert<\/strong><br \/>\n<strong>Gasometer Oberhausen<br \/>\n<\/strong><br \/>\nDie Sanierung eines \u00fcber 100 m aufragenden Rundbeh\u00e4lters stellt enorme Anforderungen an ein Arbeits- und Schutzger\u00fcst. Die hierf\u00fcr konzipierte PERI UP Ger\u00fcstl\u00f6sung basiert auf kompatiblen Baukastensystemen, welche eine geometrische und statische Anpassungsf\u00e4higkeit mit einer hohen Sicherheit bei Montage und Nutzung vereinen.<\/p>\n<p><a href=\"https:\/\/www.gloser.de\/start\/wp-content\/uploads\/2020\/10\/Gasometer-Oberhausen-DE-PERI-201001-de.pdf\" target=\"_blank\" rel=\"noopener noreferrer\">Weiterlesen&#8230;<\/a><\/td>\n<td style=\"width: 43.5508%; height: 504px;\"><img loading=\"lazy\" decoding=\"async\" class=\"aligncenter wp-image-1258\" style=\"border: 1px solid #000000;\" src=\"https:\/\/www.gloser.de\/start\/wp-content\/uploads\/2020\/10\/cover_pressemitteilung_peri_gasometer-207x300.png\" alt=\"\" width=\"267\" height=\"387\" srcset=\"https:\/\/www.gloser.de\/start\/wp-content\/uploads\/2020\/10\/cover_pressemitteilung_peri_gasometer-207x300.png 207w, https:\/\/www.gloser.de\/start\/wp-content\/uploads\/2020\/10\/cover_pressemitteilung_peri_gasometer.png 576w\" sizes=\"auto, (max-width: 267px) 100vw, 267px\" \/><span style=\"font-size: 10pt;\">Mit freundlicher Genehmigung<\/span><br \/>\n<span style=\"font-size: 10pt;\">PERI GmbH \/ Wei\u00dfenhorn<\/span><\/td>\n<\/tr>\n<tr style=\"height: 509px;\">\n<td style=\"width: 56.2974%; vertical-align: top; text-align: left; height: 509px;\"><span style=\"font-size: 12pt;\">06\/2020 Stadtmagazin Oberhausen<strong><br \/>\n<\/strong><\/span>Wenn Judith Klaas aus ihrem Fenster schaut, ist der Gasometer<br \/>\nnicht nur buchst\u00e4blich zum Greifen nah. Lediglich der eine<br \/>\noder andere Lkw, der f\u00fcr die Gasometer-Baustelle Material<br \/>\nanliefert, versperrt ihr die exklusive Sicht auf das Oberhausener<br \/>\nWahrzeichen. Ihr Fenster geh\u00f6rt zu einem grauen Baucontainer,<br \/>\nder an der Zufahrt zum Gasometer steht und die Aufschrift<br \/>\n\u201eBaustellenleitung\u201c tr\u00e4gt&#8230;Weiterlesen&#8230;<br \/>\n<a href=\"https:\/\/www.gloser.de\/start\/wp-content\/uploads\/2020\/06\/stadtmagazin_oberh_gasometer.pdf\" target=\"_blank\" rel=\"noopener noreferrer\">nur Artikel\u00a0<\/a>\u00a0 oder <a href=\"https:\/\/www.gloser.de\/start\/wp-content\/uploads\/2020\/06\/stadtmagazin_oberh.pdf\" target=\"_blank\" rel=\"noopener noreferrer\">gesamtes Heft<\/a><\/td>\n<td style=\"width: 43.5508%; height: 509px;\"><a href=\"https:\/\/www.gloser.de\/start\/wp-content\/uploads\/2020\/06\/stadtmagazin_oberh_gasometer.pdf\" target=\"_blank\" rel=\"noopener noreferrer\"><img loading=\"lazy\" decoding=\"async\" class=\"aligncenter wp-image-1222\" src=\"https:\/\/www.gloser.de\/start\/wp-content\/uploads\/2020\/06\/stadtmagazin_oberh_screenshot-212x300.jpg\" alt=\"\" width=\"271\" height=\"383\" \/><\/a><span style=\"font-size: 10pt;\">Mit freundlicher Genehmigung<\/span><br \/>\n<span style=\"font-size: 10pt;\">CONTACT GmbH<\/span><br \/>\n<span style=\"font-size: 10pt;\">Zum Steigerhaus 1<\/span><br \/>\n<span style=\"font-size: 10pt;\">46117 Oberhausen<\/span><\/td>\n<\/tr>\n<tr style=\"height: 456px;\">\n<td style=\"width: 56.2974%; vertical-align: top; height: 456px;\"><span style=\"font-size: 12pt;\">02.06.2020 &#8211; Pressemitteilung<\/span><\/p>\n<p><span style=\"font-size: 12pt;\"><strong>Hubschrauberlandeplatz, Bundeswehrkrankenhaus Ulm<\/strong><\/span><\/p>\n<p>Wenn sowohl die Schalungs- und Ger\u00fcsttechnik als auch das projektbegleitende Engineering aus einer Hand kommen, ergeben sich Synergieeffekte, die Ger\u00fcst- und Rohbauunternehmen einen reibungslosen Bauablauf und geldwerte Vorteile bieten k\u00f6nnen. <a href=\"https:\/\/www.gloser.de\/start\/wp-content\/uploads\/2020\/06\/Pressebericht-BWK-Ulm-DE-PERI-020620-de.pdf\" target=\"_blank\" rel=\"noopener noreferrer\"><span style=\"font-size: 10pt;\"><span style=\"font-size: 12pt;\">weiterlesen&#8230;<\/span><\/span><\/a><\/td>\n<td style=\"width: 43.5508%; height: 456px;\"><a href=\"https:\/\/www.gloser.de\/start\/wp-content\/uploads\/2020\/06\/Pressebericht-BWK-Ulm-DE-PERI-020620-de.pdf\" target=\"_blank\" rel=\"noopener noreferrer\"><img loading=\"lazy\" decoding=\"async\" class=\"aligncenter wp-image-1207 \" style=\"border: 1px solid #000000;\" src=\"https:\/\/www.gloser.de\/start\/wp-content\/uploads\/2020\/06\/pressebericht_bwk_peri_vorschau-211x300.jpg\" alt=\"\" width=\"383\" height=\"545\" srcset=\"https:\/\/www.gloser.de\/start\/wp-content\/uploads\/2020\/06\/pressebericht_bwk_peri_vorschau-211x300.jpg 211w, https:\/\/www.gloser.de\/start\/wp-content\/uploads\/2020\/06\/pressebericht_bwk_peri_vorschau.jpg 449w\" sizes=\"auto, (max-width: 383px) 100vw, 383px\" \/><\/a><span style=\"font-size: 10pt;\">Mit freundlicher Genehmigung<br \/>\nPERI GmbH \/ Wei\u00dfenhorn<\/span><\/td>\n<\/tr>\n<tr style=\"height: 112px;\">\n<td style=\"height: 112px; width: 99.8482%;\" colspan=\"2\"><span style=\"font-size: 12pt;\"><strong>02.06.2020 &#8211; Bilder zur Pressemitteilung &#8211; Bundeswehrkrankenhaus Ulm<br \/>\n<\/strong><div id=\"metaslider-id-1200\" style=\"max-width: 580px;\" class=\"ml-slider-3-107-0 metaslider metaslider-flex metaslider-1200 ml-slider has-dots-nav ms-theme-default\" role=\"region\" aria-label=\"Bundeswehrkrankenhaus Ulm - 02.06.2020\" data-height=\"380\" data-width=\"580\">\n    <div id=\"metaslider_container_1200\">\n        <div id=\"metaslider_1200\">\n            <ul class='slides'>\n                <li style=\"display: block; width: 100%;\" class=\"slide-1201 ms-image \" aria-roledescription=\"slide\" data-date=\"2020-06-03 09:48:15\" data-filename=\"bwk-ulm-01-580x380.jpg\" data-slide-type=\"image\"><img loading=\"lazy\" decoding=\"async\" src=\"https:\/\/www.gloser.de\/start\/wp-content\/uploads\/2020\/06\/bwk-ulm-01-580x380.jpg\" height=\"380\" width=\"580\" alt=\"\" class=\"slider-1200 slide-1201 msDefaultImage\" title=\"bwk-ulm-01\" \/><\/li>\n                <li style=\"display: none; width: 100%;\" class=\"slide-1202 ms-image \" aria-roledescription=\"slide\" data-date=\"2020-06-03 09:48:15\" data-filename=\"bwk-ulm-04-580x380.jpg\" data-slide-type=\"image\"><img loading=\"lazy\" decoding=\"async\" src=\"https:\/\/www.gloser.de\/start\/wp-content\/uploads\/2020\/06\/bwk-ulm-04-580x380.jpg\" height=\"380\" width=\"580\" alt=\"\" class=\"slider-1200 slide-1202 msDefaultImage\" title=\"bwk-ulm-04\" \/><\/li>\n                <li style=\"display: none; width: 100%;\" class=\"slide-1203 ms-image \" aria-roledescription=\"slide\" data-date=\"2020-06-03 09:48:15\" data-filename=\"bwk-ulm-03-580x380.jpg\" data-slide-type=\"image\"><img loading=\"lazy\" decoding=\"async\" src=\"https:\/\/www.gloser.de\/start\/wp-content\/uploads\/2020\/06\/bwk-ulm-03-580x380.jpg\" height=\"380\" width=\"580\" alt=\"\" class=\"slider-1200 slide-1203 msDefaultImage\" title=\"bwk-ulm-03\" \/><\/li>\n                <li style=\"display: none; width: 100%;\" class=\"slide-1204 ms-image \" aria-roledescription=\"slide\" data-date=\"2020-06-03 09:48:15\" data-filename=\"bwk-ulm-02-580x380.jpg\" data-slide-type=\"image\"><img loading=\"lazy\" decoding=\"async\" src=\"https:\/\/www.gloser.de\/start\/wp-content\/uploads\/2020\/06\/bwk-ulm-02-580x380.jpg\" height=\"380\" width=\"580\" alt=\"\" class=\"slider-1200 slide-1204 msDefaultImage\" title=\"bwk-ulm-02\" \/><\/li>\n                <li style=\"display: none; width: 100%;\" class=\"slide-1205 ms-image \" aria-roledescription=\"slide\" data-date=\"2020-06-03 09:49:26\" data-filename=\"bwk-ulm-05-580x380.jpg\" data-slide-type=\"image\"><img loading=\"lazy\" decoding=\"async\" src=\"https:\/\/www.gloser.de\/start\/wp-content\/uploads\/2020\/06\/bwk-ulm-05-580x380.jpg\" height=\"380\" width=\"580\" alt=\"\" class=\"slider-1200 slide-1205 msDefaultImage\" title=\"bwk-ulm-05\" \/><\/li>\n                <li style=\"display: none; width: 100%;\" class=\"slide-1206 ms-image \" aria-roledescription=\"slide\" data-date=\"2020-06-03 09:49:26\" data-filename=\"bwk-ulm-06-580x380.jpg\" data-slide-type=\"image\"><img loading=\"lazy\" decoding=\"async\" src=\"https:\/\/www.gloser.de\/start\/wp-content\/uploads\/2020\/06\/bwk-ulm-06-580x380.jpg\" height=\"380\" width=\"580\" alt=\"\" class=\"slider-1200 slide-1206 msDefaultImage\" title=\"bwk-ulm-06\" \/><\/li>\n            <\/ul>\n        <\/div>\n        \n    <\/div>\n<\/div><\/span><\/td>\n<\/tr>\n<tr style=\"height: 112px;\">\n<td style=\"height: 112px; width: 99.8482%;\" colspan=\"2\"><span style=\"font-size: 12pt;\"><strong>19. 01.2020 &#8211; Ausbildungsmesse \u201eEinstieg Beruf\u201c in Karlsruhe<br \/>\n<\/strong><div id=\"metaslider-id-1160\" style=\"max-width: 580px;\" class=\"ml-slider-3-107-0 metaslider metaslider-flex metaslider-1160 ml-slider has-dots-nav ms-theme-default\" role=\"region\" aria-label=\"Ausbildungsmesse \u201eEinstieg Beruf\u201c am 19.01.2020\" data-height=\"380\" data-width=\"580\">\n    <div id=\"metaslider_container_1160\">\n        <div id=\"metaslider_1160\">\n            <ul class='slides'>\n                <li style=\"display: block; width: 100%;\" class=\"slide-1162 ms-image \" aria-roledescription=\"slide\" data-date=\"2020-01-20 08:55:52\" data-filename=\"20200119_ausbildung_u_beruf_karlsruhe_05-580x380.jpeg\" data-slide-type=\"image\"><img loading=\"lazy\" decoding=\"async\" src=\"https:\/\/www.gloser.de\/start\/wp-content\/uploads\/2020\/01\/20200119_ausbildung_u_beruf_karlsruhe_05-580x380.jpeg\" height=\"380\" width=\"580\" alt=\"\" class=\"slider-1160 slide-1162 msDefaultImage\" title=\"20200119_ausbildung_u_beruf_karlsruhe_05\" \/><\/li>\n                <li style=\"display: none; width: 100%;\" class=\"slide-1161 ms-image \" aria-roledescription=\"slide\" data-date=\"2020-01-20 08:55:52\" data-filename=\"20200119_ausbildung_u_beruf_karlsruhe_06-580x380.jpeg\" data-slide-type=\"image\"><img loading=\"lazy\" decoding=\"async\" src=\"https:\/\/www.gloser.de\/start\/wp-content\/uploads\/2020\/01\/20200119_ausbildung_u_beruf_karlsruhe_06-580x380.jpeg\" height=\"380\" width=\"580\" alt=\"\" class=\"slider-1160 slide-1161 msDefaultImage\" title=\"20200119_ausbildung_u_beruf_karlsruhe_06\" \/><\/li>\n                <li style=\"display: none; width: 100%;\" class=\"slide-1164 ms-image \" aria-roledescription=\"slide\" data-date=\"2020-01-20 08:55:52\" data-filename=\"20200119_ausbildung_u_beruf_karlsruhe_04-580x380.jpeg\" data-slide-type=\"image\"><img loading=\"lazy\" decoding=\"async\" src=\"https:\/\/www.gloser.de\/start\/wp-content\/uploads\/2020\/01\/20200119_ausbildung_u_beruf_karlsruhe_04-580x380.jpeg\" height=\"380\" width=\"580\" alt=\"\" class=\"slider-1160 slide-1164 msDefaultImage\" title=\"20200119_ausbildung_u_beruf_karlsruhe_04\" \/><\/li>\n                <li style=\"display: none; width: 100%;\" class=\"slide-1165 ms-image \" aria-roledescription=\"slide\" data-date=\"2020-01-20 08:55:52\" data-filename=\"20200119_ausbildung_u_beruf_karlsruhe_02-580x380.jpeg\" data-slide-type=\"image\"><img loading=\"lazy\" decoding=\"async\" src=\"https:\/\/www.gloser.de\/start\/wp-content\/uploads\/2020\/01\/20200119_ausbildung_u_beruf_karlsruhe_02-580x380.jpeg\" height=\"380\" width=\"580\" alt=\"\" class=\"slider-1160 slide-1165 msDefaultImage\" title=\"20200119_ausbildung_u_beruf_karlsruhe_02\" \/><\/li>\n                <li style=\"display: none; width: 100%;\" class=\"slide-1170 ms-image \" aria-roledescription=\"slide\" data-date=\"2020-01-20 08:55:53\" data-filename=\"20200119_ausbildung_u_beruf_karlsruhe_07-580x380.jpeg\" data-slide-type=\"image\"><img loading=\"lazy\" decoding=\"async\" src=\"https:\/\/www.gloser.de\/start\/wp-content\/uploads\/2020\/01\/20200119_ausbildung_u_beruf_karlsruhe_07-580x380.jpeg\" height=\"380\" width=\"580\" alt=\"\" class=\"slider-1160 slide-1170 msDefaultImage\" title=\"20200119_ausbildung_u_beruf_karlsruhe_07\" \/><\/li>\n                <li style=\"display: none; width: 100%;\" class=\"slide-1166 ms-image \" aria-roledescription=\"slide\" data-date=\"2020-01-20 08:55:52\" data-filename=\"20200119_ausbildung_u_beruf_karlsruhe_10-580x380.jpeg\" data-slide-type=\"image\"><img loading=\"lazy\" decoding=\"async\" src=\"https:\/\/www.gloser.de\/start\/wp-content\/uploads\/2020\/01\/20200119_ausbildung_u_beruf_karlsruhe_10-580x380.jpeg\" height=\"380\" width=\"580\" alt=\"\" class=\"slider-1160 slide-1166 msDefaultImage\" title=\"20200119_ausbildung_u_beruf_karlsruhe_10\" \/><\/li>\n                <li style=\"display: none; width: 100%;\" class=\"slide-1163 ms-image \" aria-roledescription=\"slide\" data-date=\"2020-01-20 08:55:52\" data-filename=\"20200119_ausbildung_u_beruf_karlsruhe_03-580x380.jpeg\" data-slide-type=\"image\"><img loading=\"lazy\" decoding=\"async\" src=\"https:\/\/www.gloser.de\/start\/wp-content\/uploads\/2020\/01\/20200119_ausbildung_u_beruf_karlsruhe_03-580x380.jpeg\" height=\"380\" width=\"580\" alt=\"\" class=\"slider-1160 slide-1163 msDefaultImage\" title=\"20200119_ausbildung_u_beruf_karlsruhe_03\" \/><\/li>\n                <li style=\"display: none; width: 100%;\" class=\"slide-1167 ms-image \" aria-roledescription=\"slide\" data-date=\"2020-01-20 08:55:52\" data-filename=\"20200119_ausbildung_u_beruf_karlsruhe_01-580x380.jpeg\" data-slide-type=\"image\"><img loading=\"lazy\" decoding=\"async\" src=\"https:\/\/www.gloser.de\/start\/wp-content\/uploads\/2020\/01\/20200119_ausbildung_u_beruf_karlsruhe_01-580x380.jpeg\" height=\"380\" width=\"580\" alt=\"\" class=\"slider-1160 slide-1167 msDefaultImage\" title=\"20200119_ausbildung_u_beruf_karlsruhe_01\" \/><\/li>\n                <li style=\"display: none; width: 100%;\" class=\"slide-1168 ms-image \" aria-roledescription=\"slide\" data-date=\"2020-01-20 08:55:52\" data-filename=\"20200119_ausbildung_u_beruf_karlsruhe_09-580x380.jpeg\" data-slide-type=\"image\"><img loading=\"lazy\" decoding=\"async\" src=\"https:\/\/www.gloser.de\/start\/wp-content\/uploads\/2020\/01\/20200119_ausbildung_u_beruf_karlsruhe_09-580x380.jpeg\" height=\"380\" width=\"580\" alt=\"\" class=\"slider-1160 slide-1168 msDefaultImage\" title=\"20200119_ausbildung_u_beruf_karlsruhe_09\" \/><\/li>\n                <li style=\"display: none; width: 100%;\" class=\"slide-1169 ms-image \" aria-roledescription=\"slide\" data-date=\"2020-01-20 08:55:53\" data-filename=\"20200119_ausbildung_u_beruf_karlsruhe_08-580x380.jpeg\" data-slide-type=\"image\"><img loading=\"lazy\" decoding=\"async\" src=\"https:\/\/www.gloser.de\/start\/wp-content\/uploads\/2020\/01\/20200119_ausbildung_u_beruf_karlsruhe_08-580x380.jpeg\" height=\"380\" width=\"580\" alt=\"\" class=\"slider-1160 slide-1169 msDefaultImage\" title=\"20200119_ausbildung_u_beruf_karlsruhe_08\" \/><\/li>\n            <\/ul>\n        <\/div>\n        \n    <\/div>\n<\/div><\/span><\/td>\n<\/tr>\n<tr style=\"height: 478px;\">\n<td style=\"vertical-align: top; width: 56.2974%; height: 478px;\"><strong><span style=\"font-size: 12pt;\">03.02.2020 &#8211; Bericht \u00fcber die laufende Baustelle des Eisenbahnviadukts Heiligenborn bei Waldheim\/ Sachsen im PERI Magazin 2\/2019<\/span><\/strong><\/td>\n<td style=\"vertical-align: top; width: 43.5508%; height: 478px;\"><a href=\"\/start\/wp-content\/uploads\/2020\/01\/peri_magazin_2-2019.pdf\" target=\"_blank\" rel=\"noopener noreferrer\"><img loading=\"lazy\" decoding=\"async\" class=\"alignnone\" src=\"\/start\/wp-content\/uploads\/2020\/01\/peri_magazin_front.jpg\" alt=\"\" width=\"217\" height=\"307\" border=\"1\" \/><\/a><\/p>\n<p><span style=\"font-size: 10pt;\">Mit freundlicher Genehmigung<br \/>\nPERI GmbH \/ Wei\u00dfenhorn<br \/>\n&#8222;Aktuell&#8220;, das PERI Magazin f\u00fcr Ger\u00fcstbau und Handwerk<\/span><\/td>\n<\/tr>\n<tr style=\"height: 475px;\">\n<td style=\"vertical-align: top; width: 56.2974%; height: 475px;\"><span style=\"font-size: 12pt;\">Bericht \u00fcber die Errichtung des<\/span><br \/>\n<span style=\"font-size: 12pt;\">Satellitenterminal Flughafen M\u00fcnchen<\/span><br \/>\n<span style=\"font-size: 12pt;\">unter laufendem Flugbetrieb 2014\/ 2015.<\/span><\/td>\n<td style=\"vertical-align: top; width: 43.5508%; height: 475px;\"><a href=\"\/start\/wp-content\/uploads\/2018\/02\/201703geruestbauer-artikel.pdf\" target=\"_blank\" rel=\"noopener noreferrer\"><img loading=\"lazy\" decoding=\"async\" src=\"\/start\/wp-content\/uploads\/2018\/02\/201703gb_preview.jpg\" width=\"217\" height=\"307\" \/><\/a><\/p>\n<p><span style=\"font-size: 10pt;\">Mit freundlicher Genehmigung<\/span><br \/>\n<span style=\"font-size: 10pt;\"> fachverlag bernheine,<\/span><br \/>\n<span style=\"font-size: 10pt;\"> Fachmagazin \u201eDer Ger\u00fcstbauer\u201c 03.2017\/ PERI GmbH<\/span><\/td>\n<\/tr>\n<\/tbody>\n<\/table>\n<p>&nbsp;<\/p>\n","protected":false},"excerpt":{"rendered":"<p>In dieser Rubrik finden Sie aktuelle Presseinformationen und Infos \u00fcber unsere Arbeiten 04. Januar 2022 -Pressemitteilung Baustelle des Monats 01\/2022 (PERI) Einkaufszentrum Dreil\u00e4ndergalerie, Weil am RheinUm auch herausfordernde Bauvorhaben im geplanten Zeit- und Kostenrahmen abwickeln zu k\u00f6nnen, sind gro\u00dfe Mengen an Schalungs- und Ger\u00fcstmaterial erforderlich. In Weil am Rhein zeigte sich, dass die Koordination von &hellip; <a href=\"https:\/\/www.gloser.de\/start\/aktuelles\/\" class=\"more-link\"><span class=\"screen-reader-text\">Infos und Presse<\/span> weiterlesen<\/a><\/p>\n","protected":false},"author":1,"featured_media":0,"parent":0,"menu_order":0,"comment_status":"closed","ping_status":"closed","template":"","meta":{"footnotes":""},"class_list":["post-941","page","type-page","status-publish","hentry"],"_links":{"self":[{"href":"https:\/\/www.gloser.de\/start\/wp-json\/wp\/v2\/pages\/941","targetHints":{"allow":["GET"]}}],"collection":[{"href":"https:\/\/www.gloser.de\/start\/wp-json\/wp\/v2\/pages"}],"about":[{"href":"https:\/\/www.gloser.de\/start\/wp-json\/wp\/v2\/types\/page"}],"author":[{"embeddable":true,"href":"https:\/\/www.gloser.de\/start\/wp-json\/wp\/v2\/users\/1"}],"replies":[{"embeddable":true,"href":"https:\/\/www.gloser.de\/start\/wp-json\/wp\/v2\/comments?post=941"}],"version-history":[{"count":89,"href":"https:\/\/www.gloser.de\/start\/wp-json\/wp\/v2\/pages\/941\/revisions"}],"predecessor-version":[{"id":1425,"href":"https:\/\/www.gloser.de\/start\/wp-json\/wp\/v2\/pages\/941\/revisions\/1425"}],"wp:attachment":[{"href":"https:\/\/www.gloser.de\/start\/wp-json\/wp\/v2\/media?parent=941"}],"curies":[{"name":"wp","href":"https:\/\/api.w.org\/{rel}","templated":true}]}}