{"id":83,"date":"2017-06-26T08:51:31","date_gmt":"2017-06-26T06:51:31","guid":{"rendered":"http:\/\/localhost\/gloser\/?page_id=83"},"modified":"2017-07-11T08:42:17","modified_gmt":"2017-07-11T06:42:17","slug":"bauaufzuege","status":"publish","type":"page","link":"https:\/\/www.gloser.de\/start\/baumaschinen-fahrzeuge\/bauaufzuege\/","title":{"rendered":"Bauaufz\u00fcge"},"content":{"rendered":"<div id=\"metaslider-id-519\" style=\"max-width: 620px;\" class=\"ml-slider-3-107-0 metaslider metaslider-flex metaslider-519 ml-slider ms-theme-default nav-hidden\" role=\"region\" aria-label=\"bauaufzuege\" data-height=\"380\" data-width=\"620\">\n    <div id=\"metaslider_container_519\">\n        <div id=\"metaslider_519\">\n            <ul class='slides'>\n                <li style=\"display: block; width: 100%;\" class=\"slide-520 ms-image \" aria-roledescription=\"slide\" data-date=\"2017-07-06 13:21:41\" data-filename=\"bauaufzug-mieten.jpg\" data-slide-type=\"image\"><img loading=\"lazy\" decoding=\"async\" src=\"https:\/\/www.gloser.de\/start\/wp-content\/uploads\/2017\/06\/bauaufzug-mieten.jpg\" height=\"380\" width=\"620\" alt=\"\" class=\"slider-519 slide-520 msDefaultImage\" \/><\/li>\n                <li style=\"display: none; width: 100%;\" class=\"slide-521 ms-image \" aria-roledescription=\"slide\" data-date=\"2017-07-06 13:21:41\" data-filename=\"bauaufzuege-mieten.jpg\" data-slide-type=\"image\"><img loading=\"lazy\" decoding=\"async\" src=\"https:\/\/www.gloser.de\/start\/wp-content\/uploads\/2017\/06\/bauaufzuege-mieten.jpg\" height=\"380\" width=\"620\" alt=\"\" class=\"slider-519 slide-521 msDefaultImage\" \/><\/li>\n            <\/ul>\n        <\/div>\n        \n    <\/div>\n<\/div>\n<p>&nbsp;<\/p>\n<p>Die Gloser GmbH bietet Ihnen <strong>Bauaufz\u00fcge<\/strong> Superlift MX zur Vermietung an. Der Superlift MX ist der ideale <strong>Bauaufzug<\/strong> zum wirtschaftlichen Transport von Personen und Material. Er zeichnet sich durch folgende Eigenschaften aus:<\/p>\n<ul>\n<li><strong>Hohe Transportleistung<\/strong><\/li>\n<li><strong>Modulares B\u00fchnenkonzept<\/strong><\/li>\n<li><strong>Effizienter Betrieb<\/strong><\/li>\n<li><strong>Innovative Technologien<\/strong><\/li>\n<\/ul>\n<p>F\u00fcr den wirtschaftlichen H\u00f6hentransport an der Baustelle bieten wir Ihnen:<\/p>\n<ul>\n<li><strong>Elektrische Seilwinden<\/strong> mit 60 KG bis 300 KG Nutzlast<\/li>\n<li><strong>Materialaufz\u00fcge<\/strong> als Zahnstangenaufzug von 200 KG bis 2000 KG<\/li>\n<li><strong>Transportb\u00fchnen<\/strong> f\u00fcr Personen- und Materialtransport von 500 KG bis 2000 KG<\/li>\n<\/ul>\n<p>Die Ger\u00e4te k\u00f6nnen Sie bei uns mieten. Gerne fahren wir sie Ihnen zu. <a href=\"http:\/\/192.168.1.43\/gloser\/anfrage-stellen\/anfrage-gerueststellung\/\"><\/a><a href=\"http:\/\/192.168.1.43\/gloser\/anfrage-stellen\/anfrage-miete-von-baumaschinen-fahrzeugen\/\">Kontaktieren Sie uns<\/a><a href=\"http:\/\/192.168.1.43\/gloser\/anfrage-stellen\/anfrage-miete-von-baumaschinen-fahrzeugen\/\"><\/a>!<\/p>\n","protected":false},"excerpt":{"rendered":"<p>&nbsp; Die Gloser GmbH bietet Ihnen Bauaufz\u00fcge Superlift MX zur Vermietung an. Der Superlift MX ist der ideale Bauaufzug zum wirtschaftlichen Transport von Personen und Material. Er zeichnet sich durch folgende Eigenschaften aus: Hohe Transportleistung Modulares B\u00fchnenkonzept Effizienter Betrieb Innovative Technologien F\u00fcr den wirtschaftlichen H\u00f6hentransport an der Baustelle bieten wir Ihnen: Elektrische Seilwinden mit 60 &hellip; <a href=\"https:\/\/www.gloser.de\/start\/baumaschinen-fahrzeuge\/bauaufzuege\/\" class=\"more-link\"><span class=\"screen-reader-text\">Bauaufz\u00fcge<\/span> weiterlesen<\/a><\/p>\n","protected":false},"author":1,"featured_media":0,"parent":80,"menu_order":0,"comment_status":"closed","ping_status":"closed","template":"","meta":{"footnotes":""},"class_list":["post-83","page","type-page","status-publish","hentry"],"_links":{"self":[{"href":"https:\/\/www.gloser.de\/start\/wp-json\/wp\/v2\/pages\/83","targetHints":{"allow":["GET"]}}],"collection":[{"href":"https:\/\/www.gloser.de\/start\/wp-json\/wp\/v2\/pages"}],"about":[{"href":"https:\/\/www.gloser.de\/start\/wp-json\/wp\/v2\/types\/page"}],"author":[{"embeddable":true,"href":"https:\/\/www.gloser.de\/start\/wp-json\/wp\/v2\/users\/1"}],"replies":[{"embeddable":true,"href":"https:\/\/www.gloser.de\/start\/wp-json\/wp\/v2\/comments?post=83"}],"version-history":[{"count":24,"href":"https:\/\/www.gloser.de\/start\/wp-json\/wp\/v2\/pages\/83\/revisions"}],"predecessor-version":[{"id":636,"href":"https:\/\/www.gloser.de\/start\/wp-json\/wp\/v2\/pages\/83\/revisions\/636"}],"up":[{"embeddable":true,"href":"https:\/\/www.gloser.de\/start\/wp-json\/wp\/v2\/pages\/80"}],"wp:attachment":[{"href":"https:\/\/www.gloser.de\/start\/wp-json\/wp\/v2\/media?parent=83"}],"curies":[{"name":"wp","href":"https:\/\/api.w.org\/{rel}","templated":true}]}}