{"id":75,"date":"2017-06-26T08:32:10","date_gmt":"2017-06-26T06:32:10","guid":{"rendered":"http:\/\/localhost\/gloser\/?page_id=75"},"modified":"2018-01-24T12:35:07","modified_gmt":"2018-01-24T11:35:07","slug":"ueber-uns","status":"publish","type":"page","link":"https:\/\/www.gloser.de\/start\/startseite\/ueber-uns\/","title":{"rendered":"\u00dcber uns"},"content":{"rendered":"<p><img loading=\"lazy\" decoding=\"async\" style=\"border: 1px solid #CCCCCC;\" src=\"\/start\/wp-content\/uploads\/2018\/01\/gloser_firma1.jpg\" width=\"580\" height=\"435\" \/><\/p>\n<p>Die Gloser GmbH bietet Ihnen bundesweit Fassadenger\u00fcste, Sonderger\u00fcste, Schutzsysteme, Fahrger\u00fcste, Bauaufz\u00fcge f\u00fcr das Baugewerbe.<\/p>\n<p>Die Gloser GmbH vermietet vielf\u00e4ltige und hochwertige Leihfahrzeuge, Baumaschinen und Ger\u00e4te im Bereich der H\u00f6henzugangstechnik, gerne auch mit Anlieferung der Mietger\u00e4te vor Ort.<\/p>\n","protected":false},"excerpt":{"rendered":"<p>Die Gloser GmbH bietet Ihnen bundesweit Fassadenger\u00fcste, Sonderger\u00fcste, Schutzsysteme, Fahrger\u00fcste, Bauaufz\u00fcge f\u00fcr das Baugewerbe. Die Gloser GmbH vermietet vielf\u00e4ltige und hochwertige Leihfahrzeuge, Baumaschinen und Ger\u00e4te im Bereich der H\u00f6henzugangstechnik, gerne auch mit Anlieferung der Mietger\u00e4te vor Ort.<\/p>\n","protected":false},"author":1,"featured_media":0,"parent":7,"menu_order":0,"comment_status":"closed","ping_status":"closed","template":"","meta":{"footnotes":""},"class_list":["post-75","page","type-page","status-publish","hentry"],"_links":{"self":[{"href":"https:\/\/www.gloser.de\/start\/wp-json\/wp\/v2\/pages\/75","targetHints":{"allow":["GET"]}}],"collection":[{"href":"https:\/\/www.gloser.de\/start\/wp-json\/wp\/v2\/pages"}],"about":[{"href":"https:\/\/www.gloser.de\/start\/wp-json\/wp\/v2\/types\/page"}],"author":[{"embeddable":true,"href":"https:\/\/www.gloser.de\/start\/wp-json\/wp\/v2\/users\/1"}],"replies":[{"embeddable":true,"href":"https:\/\/www.gloser.de\/start\/wp-json\/wp\/v2\/comments?post=75"}],"version-history":[{"count":8,"href":"https:\/\/www.gloser.de\/start\/wp-json\/wp\/v2\/pages\/75\/revisions"}],"predecessor-version":[{"id":928,"href":"https:\/\/www.gloser.de\/start\/wp-json\/wp\/v2\/pages\/75\/revisions\/928"}],"up":[{"embeddable":true,"href":"https:\/\/www.gloser.de\/start\/wp-json\/wp\/v2\/pages\/7"}],"wp:attachment":[{"href":"https:\/\/www.gloser.de\/start\/wp-json\/wp\/v2\/media?parent=75"}],"curies":[{"name":"wp","href":"https:\/\/api.w.org\/{rel}","templated":true}]}}