{"id":7,"date":"2017-06-22T14:14:01","date_gmt":"2017-06-22T12:14:01","guid":{"rendered":"http:\/\/localhost\/gloser\/?page_id=7"},"modified":"2026-01-07T11:36:38","modified_gmt":"2026-01-07T10:36:38","slug":"startseite","status":"publish","type":"page","link":"https:\/\/www.gloser.de\/start\/","title":{"rendered":"Willkommen bei Gloser Ger\u00fcstbau!"},"content":{"rendered":"<p style=\"text-align: left;\">Die Gloser GmbH realisiert bundesweit<br \/>\n<strong>Fassadenger\u00fcste + <\/strong><strong>Sonderger\u00fcste + <\/strong><strong>Schutzger\u00fcste<br \/>\n<\/strong><strong>Fahrger\u00fcste + <\/strong><strong>Bauaufz\u00fcge<\/strong><br \/>\n<div id=\"metaslider-id-568\" style=\"max-width: 580px;\" class=\"ml-slider-3-107-0 metaslider metaslider-flex metaslider-568 ml-slider has-dots-nav ms-theme-default\" role=\"region\" aria-label=\"STARTSEITE\" data-height=\"380\" data-width=\"580\">\n    <div id=\"metaslider_container_568\">\n        <div id=\"metaslider_568\">\n            <ul class='slides'>\n                <li style=\"display: block; width: 100%;\" class=\"slide-1365 ms-image \" aria-roledescription=\"slide\" data-date=\"2021-04-29 10:44:17\" data-filename=\"210426_Weil3-1-580x380.jpg\" data-slide-type=\"image\"><img loading=\"lazy\" decoding=\"async\" src=\"https:\/\/www.gloser.de\/start\/wp-content\/uploads\/2021\/04\/210426_Weil3-1-580x380.jpg\" height=\"380\" width=\"580\" alt=\"\" class=\"slider-568 slide-1365 msDefaultImage\" title=\"210426_Weil3\" \/><\/li>\n                <li style=\"display: none; width: 100%;\" class=\"slide-1284 ms-image \" aria-roledescription=\"slide\" data-date=\"2020-10-08 12:04:40\" data-filename=\"gasometer-oberhausen-02-peri-300cmyk-scaled-580x380.jpg\" data-slide-type=\"image\"><img loading=\"lazy\" decoding=\"async\" src=\"https:\/\/www.gloser.de\/start\/wp-content\/uploads\/2020\/10\/gasometer-oberhausen-02-peri-300cmyk-scaled-580x380.jpg\" height=\"380\" width=\"580\" alt=\"\" class=\"slider-568 slide-1284 msDefaultImage\" title=\"gasometer-oberhausen-02-peri-300cmyk\" \/><\/li>\n                <li style=\"display: none; width: 100%;\" class=\"slide-1115 ms-image \" aria-roledescription=\"slide\" data-date=\"2019-11-28 08:33:23\" data-filename=\"bwk_ulm1-580x380.jpg\" data-slide-type=\"image\"><img loading=\"lazy\" decoding=\"async\" src=\"https:\/\/www.gloser.de\/start\/wp-content\/uploads\/2019\/11\/bwk_ulm1-580x380.jpg\" height=\"380\" width=\"580\" alt=\"\" class=\"slider-568 slide-1115 msDefaultImage\" title=\"bwk_ulm1\" \/><\/li>\n                <li style=\"display: none; width: 100%;\" class=\"slide-1099 ms-image \" aria-roledescription=\"slide\" data-date=\"2019-11-13 08:55:29\" data-filename=\"viadukt1-580x380.jpg\" data-slide-type=\"image\"><img loading=\"lazy\" decoding=\"async\" src=\"https:\/\/www.gloser.de\/start\/wp-content\/uploads\/2019\/11\/viadukt1-580x380.jpg\" height=\"380\" width=\"580\" alt=\"\" class=\"slider-568 slide-1099 msDefaultImage\" title=\"viadukt1\" \/><\/li>\n                <li style=\"display: none; width: 100%;\" class=\"slide-765 ms-image \" aria-roledescription=\"slide\" data-date=\"2017-10-25 09:59:35\" data-filename=\"slide_start01-580x380.jpg\" data-slide-type=\"image\"><img loading=\"lazy\" decoding=\"async\" src=\"https:\/\/www.gloser.de\/start\/wp-content\/uploads\/2017\/06\/slide_start01-580x380.jpg\" height=\"380\" width=\"580\" alt=\"\" class=\"slider-568 slide-765 msDefaultImage\" \/><\/li>\n                <li style=\"display: none; width: 100%;\" class=\"slide-766 ms-image \" aria-roledescription=\"slide\" data-date=\"2017-10-25 09:59:35\" data-filename=\"slide_start02-580x380.jpg\" data-slide-type=\"image\"><img loading=\"lazy\" decoding=\"async\" src=\"https:\/\/www.gloser.de\/start\/wp-content\/uploads\/2017\/06\/slide_start02-580x380.jpg\" height=\"380\" width=\"580\" alt=\"\" class=\"slider-568 slide-766 msDefaultImage\" \/><\/li>\n                <li style=\"display: none; width: 100%;\" class=\"slide-762 ms-image \" aria-roledescription=\"slide\" data-date=\"2017-10-25 09:59:35\" data-filename=\"slide_start03-580x380.jpg\" data-slide-type=\"image\"><img loading=\"lazy\" decoding=\"async\" src=\"https:\/\/www.gloser.de\/start\/wp-content\/uploads\/2017\/06\/slide_start03-580x380.jpg\" height=\"380\" width=\"580\" alt=\"\" class=\"slider-568 slide-762 msDefaultImage\" \/><\/li>\n                <li style=\"display: none; width: 100%;\" class=\"slide-763 ms-image \" aria-roledescription=\"slide\" data-date=\"2017-10-25 09:59:35\" data-filename=\"slide_start04-580x380.jpg\" data-slide-type=\"image\"><img loading=\"lazy\" decoding=\"async\" src=\"https:\/\/www.gloser.de\/start\/wp-content\/uploads\/2017\/06\/slide_start04-580x380.jpg\" height=\"380\" width=\"580\" alt=\"\" class=\"slider-568 slide-763 msDefaultImage\" \/><\/li>\n                <li style=\"display: none; width: 100%;\" class=\"slide-764 ms-image \" aria-roledescription=\"slide\" data-date=\"2017-10-25 09:59:35\" data-filename=\"slide_start05-580x380.jpg\" data-slide-type=\"image\"><img loading=\"lazy\" decoding=\"async\" src=\"https:\/\/www.gloser.de\/start\/wp-content\/uploads\/2017\/06\/slide_start05-580x380.jpg\" height=\"380\" width=\"580\" alt=\"\" class=\"slider-568 slide-764 msDefaultImage\" \/><\/li>\n            <\/ul>\n        <\/div>\n        \n    <\/div>\n<\/div><\/p>\n<p style=\"text-align: center;\"><a href=\"https:\/\/www.gloser.de\/start\/aktuelles\/\"><em><span style=\"font-family: arial, helvetica, sans-serif; font-size: 10pt;\">Aktuelle Infos aus der Presse<\/span><\/em><\/a>\u00a0\u00a0\u00a0\u00a0\u00a0<a href=\"https:\/\/www.gloser.de\/start\/referenzen\/\"><em><span style=\"font-family: arial, helvetica, sans-serif; font-size: 10pt;\">Weitere Referenzen<\/span><\/em><\/a><\/p>\n<table style=\"border-collapse: collapse; width: 100%;\">\n<tbody>\n<tr>\n<td style=\"width: 40.6061%; vertical-align: top;\"><span style=\"font-size: 12pt;\"><span style=\"font-size: 12pt;\">Lesen Sie hier den Bericht im<br \/>\n<strong>PERI aktuell 01\/ 2020<\/strong> (dem Magazin f\u00fcr Ger\u00fcstbau, Handwerk und Industrie) zu unserem aktuellen Projekt<br \/>\n(bitte auf das Bild klicken)<br \/>\nSeite 12 bis 17.<\/span><\/span>Weitere Bilder finden Sie<br \/>\nunter <a href=\"https:\/\/www.gloser.de\/start\/referenzen\/\">Referenzen<\/a><\/td>\n<td style=\"width: 59.3939%;\"><a href=\"https:\/\/www.gloser.de\/start\/wp-content\/uploads\/2020\/10\/peri-aktuell-fuer-geruestbau-und-handwerk-ausgabe-01-2020.pdf\" target=\"_blank\" rel=\"noopener noreferrer\"><img loading=\"lazy\" decoding=\"async\" class=\"aligncenter wp-image-1235\" style=\"border: 1px solid #000000;\" src=\"https:\/\/www.gloser.de\/start\/wp-content\/uploads\/2020\/10\/peri-aktuell-cover-geruestbau-handwerk-und-industrie-ausgabe-01-2020-221x300.png\" alt=\"\" width=\"243\" height=\"329\" srcset=\"https:\/\/www.gloser.de\/start\/wp-content\/uploads\/2020\/10\/peri-aktuell-cover-geruestbau-handwerk-und-industrie-ausgabe-01-2020-221x300.png 221w, https:\/\/www.gloser.de\/start\/wp-content\/uploads\/2020\/10\/peri-aktuell-cover-geruestbau-handwerk-und-industrie-ausgabe-01-2020.png 664w\" sizes=\"auto, (max-width: 243px) 100vw, 243px\" \/><\/a><\/td>\n<\/tr>\n<\/tbody>\n<\/table>\n<p>&nbsp;<\/p>\n","protected":false},"excerpt":{"rendered":"<p>Die Gloser GmbH realisiert bundesweit Fassadenger\u00fcste + Sonderger\u00fcste + Schutzger\u00fcste Fahrger\u00fcste + Bauaufz\u00fcge Aktuelle Infos aus der Presse\u00a0\u00a0\u00a0\u00a0\u00a0Weitere Referenzen Lesen Sie hier den Bericht im PERI aktuell 01\/ 2020 (dem Magazin f\u00fcr Ger\u00fcstbau, Handwerk und Industrie) zu unserem aktuellen Projekt (bitte auf das Bild klicken) Seite 12 bis 17.Weitere Bilder finden Sie unter Referenzen &nbsp;<\/p>\n","protected":false},"author":1,"featured_media":0,"parent":0,"menu_order":0,"comment_status":"closed","ping_status":"closed","template":"","meta":{"footnotes":""},"class_list":["post-7","page","type-page","status-publish","hentry"],"_links":{"self":[{"href":"https:\/\/www.gloser.de\/start\/wp-json\/wp\/v2\/pages\/7","targetHints":{"allow":["GET"]}}],"collection":[{"href":"https:\/\/www.gloser.de\/start\/wp-json\/wp\/v2\/pages"}],"about":[{"href":"https:\/\/www.gloser.de\/start\/wp-json\/wp\/v2\/types\/page"}],"author":[{"embeddable":true,"href":"https:\/\/www.gloser.de\/start\/wp-json\/wp\/v2\/users\/1"}],"replies":[{"embeddable":true,"href":"https:\/\/www.gloser.de\/start\/wp-json\/wp\/v2\/comments?post=7"}],"version-history":[{"count":129,"href":"https:\/\/www.gloser.de\/start\/wp-json\/wp\/v2\/pages\/7\/revisions"}],"predecessor-version":[{"id":1624,"href":"https:\/\/www.gloser.de\/start\/wp-json\/wp\/v2\/pages\/7\/revisions\/1624"}],"wp:attachment":[{"href":"https:\/\/www.gloser.de\/start\/wp-json\/wp\/v2\/media?parent=7"}],"curies":[{"name":"wp","href":"https:\/\/api.w.org\/{rel}","templated":true}]}}