{"id":215,"date":"2017-06-27T13:57:11","date_gmt":"2017-06-27T11:57:11","guid":{"rendered":"http:\/\/localhost\/gloser\/?page_id=215"},"modified":"2017-08-02T12:58:24","modified_gmt":"2017-08-02T10:58:24","slug":"schutzgerueste-schutzsysteme","status":"publish","type":"page","link":"https:\/\/www.gloser.de\/start\/geruestbau-schutzsysteme\/schutzgerueste-schutzsysteme\/","title":{"rendered":"Schutzger\u00fcste \/ Schutzsysteme"},"content":{"rendered":"<p><img loading=\"lazy\" decoding=\"async\" class=\"alignleft wp-image-51 \" src=\"\/start\/wp-content\/uploads\/2017\/06\/schutzsysteme-200x300.jpg\" width=\"148\" height=\"223\" \/>Freitragende Einhausungen \u00fcber denkmalgesch\u00fctzten Geb\u00e4uden, wetterunabh\u00e4ngige Baustellen oder als Zwischenlager sind durch unsere Wand- und Dachkonstruktion einfach herzustellen.<\/p>\n<p>Absolute Dichtigkeit ist f\u00fcr Sie wichtig, wir liefern sie Ihnen.<\/p>\n<p>Haupt-Einsatzgebiete:<\/p>\n<ul>\n<li><strong>Noteinhausungen f\u00fcr Sturmsch\u00e4den und Brandsch\u00e4den<\/strong><\/li>\n<li><strong>Asbestsanierungen<\/strong><\/li>\n<li><strong>Betonsanierungen<\/strong><\/li>\n<li><strong>Korrossionsschutzsanierungen<\/strong><\/li>\n<\/ul>\n","protected":false},"excerpt":{"rendered":"<p>Freitragende Einhausungen \u00fcber denkmalgesch\u00fctzten Geb\u00e4uden, wetterunabh\u00e4ngige Baustellen oder als Zwischenlager sind durch unsere Wand- und Dachkonstruktion einfach herzustellen. Absolute Dichtigkeit ist f\u00fcr Sie wichtig, wir liefern sie Ihnen. Haupt-Einsatzgebiete: Noteinhausungen f\u00fcr Sturmsch\u00e4den und Brandsch\u00e4den Asbestsanierungen Betonsanierungen Korrossionsschutzsanierungen<\/p>\n","protected":false},"author":1,"featured_media":0,"parent":206,"menu_order":0,"comment_status":"closed","ping_status":"closed","template":"","meta":{"footnotes":""},"class_list":["post-215","page","type-page","status-publish","hentry"],"_links":{"self":[{"href":"https:\/\/www.gloser.de\/start\/wp-json\/wp\/v2\/pages\/215","targetHints":{"allow":["GET"]}}],"collection":[{"href":"https:\/\/www.gloser.de\/start\/wp-json\/wp\/v2\/pages"}],"about":[{"href":"https:\/\/www.gloser.de\/start\/wp-json\/wp\/v2\/types\/page"}],"author":[{"embeddable":true,"href":"https:\/\/www.gloser.de\/start\/wp-json\/wp\/v2\/users\/1"}],"replies":[{"embeddable":true,"href":"https:\/\/www.gloser.de\/start\/wp-json\/wp\/v2\/comments?post=215"}],"version-history":[{"count":8,"href":"https:\/\/www.gloser.de\/start\/wp-json\/wp\/v2\/pages\/215\/revisions"}],"predecessor-version":[{"id":712,"href":"https:\/\/www.gloser.de\/start\/wp-json\/wp\/v2\/pages\/215\/revisions\/712"}],"up":[{"embeddable":true,"href":"https:\/\/www.gloser.de\/start\/wp-json\/wp\/v2\/pages\/206"}],"wp:attachment":[{"href":"https:\/\/www.gloser.de\/start\/wp-json\/wp\/v2\/media?parent=215"}],"curies":[{"name":"wp","href":"https:\/\/api.w.org\/{rel}","templated":true}]}}