{"id":196,"date":"2017-06-27T13:31:48","date_gmt":"2017-06-27T11:31:48","guid":{"rendered":"http:\/\/localhost\/gloser\/?page_id=196"},"modified":"2018-01-25T07:11:34","modified_gmt":"2018-01-25T06:11:34","slug":"warmlufterzeuger","status":"publish","type":"page","link":"https:\/\/www.gloser.de\/start\/warmlufterzeuger\/","title":{"rendered":"Warmlufterzeuger"},"content":{"rendered":"<h3>Mobiler Warmlufterzeuger zu mieten<\/h3>\n<p><img loading=\"lazy\" decoding=\"async\" src=\"\/start\/wp-content\/uploads\/2017\/06\/kroll-warmlufterzeuger.jpg\" alt=\"\" width=\"620\" height=\"380\" \/><\/p>\n<p style=\"text-align: right;\"><span style=\"font-size: 8pt;\">Mit freundlicher Genehmigung der Kroll GmbH Energy<\/span><\/p>\n<p>Durch seinen Hochleistungs-Radialventilator ist der Kroll Warmlufterzeuger M200 besonders f\u00fcr den Anschluss von Warmluftschlauchsystemen geeignet. Dadurch wird eine wirkungsvolle Beheizung von au\u00dferhalb sichergestellt. Mit dem Umluftmodul ist ein effizienter und wirtschaftlicher Betrieb gew\u00e4hrleistet.<\/p>\n<p>Der Kroll M200 ist durch eine Fassarmatur und einen beheizten Filter \u00fcber einen \u00d6lkanister oder \u00d6ltank schnell im Betriebszustand. Marken\u00f6lbrenner und ger\u00e4uscharme, leistungsstarke Gebl\u00e4se setzen \u00fcber 93% der Energie in W\u00e4rme um.<\/p>\n<p>Besondere Leistungsmerkmale:<\/p>\n<ul>\n<li><strong>Edelstahlbrennkammer<\/strong><\/li>\n<li><strong>Edelstahlw\u00e4rmetauscher<\/strong><\/li>\n<li><strong>Tank mit Tankheizung<\/strong><\/li>\n<li><strong>Radialgebl\u00e4se<\/strong><\/li>\n<li><strong>\u00d6lbrenner<\/strong><\/li>\n<li><strong>Umluftbetrieb m\u00f6glich<\/strong><\/li>\n<li><strong>Raumthermostatanschluss<\/strong><\/li>\n<li><strong>\u00d6lfilter<\/strong><\/li>\n<li><strong>D\u00fcsenstockheizung<\/strong><\/li>\n<li><strong>beheizter \u00d6lfilter + Fassarmatur-Einstrang<\/strong><\/li>\n<li><strong>Automatischer Heiz\u00f6lentl\u00fcfter<\/strong><\/li>\n<li><strong>Lenkrollen<\/strong><\/li>\n<li><strong>Kran\u00f6sen und Stapleraufnahmen<\/strong><\/li>\n<li><strong>Leistungsbereich 100 &#8211; 188 kW<\/strong><\/li>\n<\/ul>\n<p>Auch f\u00fcr den Gasbetrieb zugelassen!<\/p>\n<p>Weitere Informationen erhalten Sie gerne auf Anfrage.<\/p>\n","protected":false},"excerpt":{"rendered":"<p>Mobiler Warmlufterzeuger zu mieten Mit freundlicher Genehmigung der Kroll GmbH Energy Durch seinen Hochleistungs-Radialventilator ist der Kroll Warmlufterzeuger M200 besonders f\u00fcr den Anschluss von Warmluftschlauchsystemen geeignet. Dadurch wird eine wirkungsvolle Beheizung von au\u00dferhalb sichergestellt. Mit dem Umluftmodul ist ein effizienter und wirtschaftlicher Betrieb gew\u00e4hrleistet. Der Kroll M200 ist durch eine Fassarmatur und einen beheizten Filter &hellip; <a href=\"https:\/\/www.gloser.de\/start\/warmlufterzeuger\/\" class=\"more-link\"><span class=\"screen-reader-text\">Warmlufterzeuger<\/span> weiterlesen<\/a><\/p>\n","protected":false},"author":1,"featured_media":0,"parent":0,"menu_order":0,"comment_status":"closed","ping_status":"closed","template":"","meta":{"footnotes":""},"class_list":["post-196","page","type-page","status-publish","hentry"],"_links":{"self":[{"href":"https:\/\/www.gloser.de\/start\/wp-json\/wp\/v2\/pages\/196","targetHints":{"allow":["GET"]}}],"collection":[{"href":"https:\/\/www.gloser.de\/start\/wp-json\/wp\/v2\/pages"}],"about":[{"href":"https:\/\/www.gloser.de\/start\/wp-json\/wp\/v2\/types\/page"}],"author":[{"embeddable":true,"href":"https:\/\/www.gloser.de\/start\/wp-json\/wp\/v2\/users\/1"}],"replies":[{"embeddable":true,"href":"https:\/\/www.gloser.de\/start\/wp-json\/wp\/v2\/comments?post=196"}],"version-history":[{"count":11,"href":"https:\/\/www.gloser.de\/start\/wp-json\/wp\/v2\/pages\/196\/revisions"}],"predecessor-version":[{"id":933,"href":"https:\/\/www.gloser.de\/start\/wp-json\/wp\/v2\/pages\/196\/revisions\/933"}],"wp:attachment":[{"href":"https:\/\/www.gloser.de\/start\/wp-json\/wp\/v2\/media?parent=196"}],"curies":[{"name":"wp","href":"https:\/\/api.w.org\/{rel}","templated":true}]}}