{"id":193,"date":"2017-06-27T13:26:43","date_gmt":"2017-06-27T11:26:43","guid":{"rendered":"http:\/\/localhost\/gloser\/?page_id=193"},"modified":"2018-01-26T12:51:42","modified_gmt":"2018-01-26T11:51:42","slug":"elektrogelenkhubwagen","status":"publish","type":"page","link":"https:\/\/www.gloser.de\/start\/baumaschinen-fahrzeuge\/elektrogelenkhubwagen\/","title":{"rendered":"Elektrogelenkhubwagen"},"content":{"rendered":"<p><img loading=\"lazy\" decoding=\"async\" class=\"\" src=\"\/start\/wp-content\/uploads\/2017\/06\/elektro-gelenk-hubwagen-mieten.jpg\" alt=\"\" width=\"505\" height=\"310\" \/><\/p>\n<p style=\"text-align: right;\"><span style=\"font-size: 8pt;\">Mit freundlicher Genehmigung der Jungheinrich AG \/ Unternehmenskommunikation<\/span><\/p>\n<p>Der\u00a0<strong>Elektro-Deichselstapler<\/strong> eignet sich f\u00fcr den intensiven Einsatz, wenn gro\u00dfe Hubh\u00f6hen, eine hohe Tragf\u00e4higkeit und lange Einsatzzeiten gefordert sind.<\/p>\n<p>Der Deichselstapler zeichnet sich durch folgende Eigenschaften aus:<\/p>\n<ul style=\"list-style-type: disc;\">\n<li>Einfache Bedienung und h\u00f6chste Sicherheit f\u00fcr den Benutzer<\/li>\n<li>Behutsames Anheben der Last durch elektronisch geregelten Hubmotor<\/li>\n<li>Sanftes Absetzen auf dem Boden und im Regal mittels Proportionalhydraulik<\/li>\n<li>Minimale Ger\u00e4uschentwicklung beim Heben<\/li>\n<\/ul>\n<p>Gerne bringen wir unseren <strong>Elektro-Deichselstapler<\/strong> zu Ihnen direkt vor Ort.<\/p>\n<p>Bitte melden Sie sich bei uns!<\/p>\n","protected":false},"excerpt":{"rendered":"<p>Mit freundlicher Genehmigung der Jungheinrich AG \/ Unternehmenskommunikation Der\u00a0Elektro-Deichselstapler eignet sich f\u00fcr den intensiven Einsatz, wenn gro\u00dfe Hubh\u00f6hen, eine hohe Tragf\u00e4higkeit und lange Einsatzzeiten gefordert sind. Der Deichselstapler zeichnet sich durch folgende Eigenschaften aus: Einfache Bedienung und h\u00f6chste Sicherheit f\u00fcr den Benutzer Behutsames Anheben der Last durch elektronisch geregelten Hubmotor Sanftes Absetzen auf dem Boden &hellip; <a href=\"https:\/\/www.gloser.de\/start\/baumaschinen-fahrzeuge\/elektrogelenkhubwagen\/\" class=\"more-link\"><span class=\"screen-reader-text\">Elektrogelenkhubwagen<\/span> weiterlesen<\/a><\/p>\n","protected":false},"author":1,"featured_media":0,"parent":80,"menu_order":0,"comment_status":"closed","ping_status":"closed","template":"","meta":{"footnotes":""},"class_list":["post-193","page","type-page","status-publish","hentry"],"_links":{"self":[{"href":"https:\/\/www.gloser.de\/start\/wp-json\/wp\/v2\/pages\/193","targetHints":{"allow":["GET"]}}],"collection":[{"href":"https:\/\/www.gloser.de\/start\/wp-json\/wp\/v2\/pages"}],"about":[{"href":"https:\/\/www.gloser.de\/start\/wp-json\/wp\/v2\/types\/page"}],"author":[{"embeddable":true,"href":"https:\/\/www.gloser.de\/start\/wp-json\/wp\/v2\/users\/1"}],"replies":[{"embeddable":true,"href":"https:\/\/www.gloser.de\/start\/wp-json\/wp\/v2\/comments?post=193"}],"version-history":[{"count":12,"href":"https:\/\/www.gloser.de\/start\/wp-json\/wp\/v2\/pages\/193\/revisions"}],"predecessor-version":[{"id":938,"href":"https:\/\/www.gloser.de\/start\/wp-json\/wp\/v2\/pages\/193\/revisions\/938"}],"up":[{"embeddable":true,"href":"https:\/\/www.gloser.de\/start\/wp-json\/wp\/v2\/pages\/80"}],"wp:attachment":[{"href":"https:\/\/www.gloser.de\/start\/wp-json\/wp\/v2\/media?parent=193"}],"curies":[{"name":"wp","href":"https:\/\/api.w.org\/{rel}","templated":true}]}}