{"id":183,"date":"2017-06-27T13:11:47","date_gmt":"2017-06-27T11:11:47","guid":{"rendered":"http:\/\/localhost\/gloser\/?page_id=183"},"modified":"2018-09-20T13:46:18","modified_gmt":"2018-09-20T11:46:18","slug":"teleskopstapler","status":"publish","type":"page","link":"https:\/\/www.gloser.de\/start\/baumaschinen-fahrzeuge\/teleskopstapler\/","title":{"rendered":"Teleskopstapler"},"content":{"rendered":"<div id=\"metaslider-id-530\" style=\"max-width: 620px;\" class=\"ml-slider-3-107-0 metaslider metaslider-flex metaslider-530 ml-slider ms-theme-default nav-hidden\" role=\"region\" aria-label=\"teleskopstapler\" data-height=\"380\" data-width=\"620\">\n    <div id=\"metaslider_container_530\">\n        <div id=\"metaslider_530\">\n            <ul class='slides'>\n                <li style=\"display: block; width: 100%;\" class=\"slide-821 ms-image \" aria-roledescription=\"slide\" data-date=\"2017-12-18 13:22:41\" data-filename=\"manitu1.jpg\" data-slide-type=\"image\"><img loading=\"lazy\" decoding=\"async\" src=\"https:\/\/www.gloser.de\/start\/wp-content\/uploads\/2017\/12\/manitu1.jpg\" height=\"380\" width=\"620\" alt=\"\" class=\"slider-530 slide-821 msDefaultImage\" \/><\/li>\n                <li style=\"display: none; width: 100%;\" class=\"slide-534 ms-image \" aria-roledescription=\"slide\" data-date=\"2017-07-06 13:34:03\" data-filename=\"manitou-mrt-2540-mieten.jpg\" data-slide-type=\"image\"><img loading=\"lazy\" decoding=\"async\" src=\"https:\/\/www.gloser.de\/start\/wp-content\/uploads\/2017\/06\/manitou-mrt-2540-mieten.jpg\" height=\"380\" width=\"620\" alt=\"\" class=\"slider-530 slide-534 msDefaultImage\" \/><\/li>\n            <\/ul>\n        <\/div>\n        \n    <\/div>\n<\/div>\n<p>Wir vermieten Ihnen gerne unseren <strong>Teleskopstapler MRT 2540 Privilege<\/strong>. Der MRT 2540 Privilege ist ein qualitativ hochwertiger und leistungsstarker Teleskopstapler und ideal f\u00fcr Ihre Bauunternehmungen in der H\u00f6he.<\/p>\n<p>Technische Informationen des <strong>drehbaren Teleskopstaplers<\/strong>:<\/p>\n<p><strong>Hubh\u00f6he : 24,60 m<\/strong><br \/>\n<strong>Max. Reichweite : 18,50 m<\/strong><br \/>\n<strong>Dieselmotor : 150 PS &#8211; 110 kw<\/strong><br \/>\n<strong>Allradantrieb &#8211; Allradlenkung<\/strong><br \/>\n<strong>Hydrostatischer Antrieb<\/strong><br \/>\n<strong>Niveauausgleich<\/strong><\/p>\n<p>&nbsp;<\/p>\n<p>Bitte kontaktieren Sie uns f\u00fcr eine Anfrage.<\/p>\n","protected":false},"excerpt":{"rendered":"<p>Wir vermieten Ihnen gerne unseren Teleskopstapler MRT 2540 Privilege. Der MRT 2540 Privilege ist ein qualitativ hochwertiger und leistungsstarker Teleskopstapler und ideal f\u00fcr Ihre Bauunternehmungen in der H\u00f6he. Technische Informationen des drehbaren Teleskopstaplers: Hubh\u00f6he : 24,60 m Max. Reichweite : 18,50 m Dieselmotor : 150 PS &#8211; 110 kw Allradantrieb &#8211; Allradlenkung Hydrostatischer Antrieb Niveauausgleich &hellip; <a href=\"https:\/\/www.gloser.de\/start\/baumaschinen-fahrzeuge\/teleskopstapler\/\" class=\"more-link\"><span class=\"screen-reader-text\">Teleskopstapler<\/span> weiterlesen<\/a><\/p>\n","protected":false},"author":1,"featured_media":0,"parent":80,"menu_order":0,"comment_status":"closed","ping_status":"closed","template":"","meta":{"footnotes":""},"class_list":["post-183","page","type-page","status-publish","hentry"],"_links":{"self":[{"href":"https:\/\/www.gloser.de\/start\/wp-json\/wp\/v2\/pages\/183","targetHints":{"allow":["GET"]}}],"collection":[{"href":"https:\/\/www.gloser.de\/start\/wp-json\/wp\/v2\/pages"}],"about":[{"href":"https:\/\/www.gloser.de\/start\/wp-json\/wp\/v2\/types\/page"}],"author":[{"embeddable":true,"href":"https:\/\/www.gloser.de\/start\/wp-json\/wp\/v2\/users\/1"}],"replies":[{"embeddable":true,"href":"https:\/\/www.gloser.de\/start\/wp-json\/wp\/v2\/comments?post=183"}],"version-history":[{"count":7,"href":"https:\/\/www.gloser.de\/start\/wp-json\/wp\/v2\/pages\/183\/revisions"}],"predecessor-version":[{"id":1005,"href":"https:\/\/www.gloser.de\/start\/wp-json\/wp\/v2\/pages\/183\/revisions\/1005"}],"up":[{"embeddable":true,"href":"https:\/\/www.gloser.de\/start\/wp-json\/wp\/v2\/pages\/80"}],"wp:attachment":[{"href":"https:\/\/www.gloser.de\/start\/wp-json\/wp\/v2\/media?parent=183"}],"curies":[{"name":"wp","href":"https:\/\/api.w.org\/{rel}","templated":true}]}}