{"id":1488,"date":"2024-12-19T13:25:31","date_gmt":"2024-12-19T12:25:31","guid":{"rendered":"https:\/\/www.gloser.de\/start\/?page_id=1488"},"modified":"2024-12-19T14:38:24","modified_gmt":"2024-12-19T13:38:24","slug":"e-rechnungen","status":"publish","type":"page","link":"https:\/\/www.gloser.de\/start\/e-rechnungen\/","title":{"rendered":"E-Rechnungen"},"content":{"rendered":"<p>Sehr geehrte Damen und Herren,<\/p>\n<p>ab 01.01.2025 m\u00fcssen Unternehmen in Deutschland in der Lage sein, elektronische Rechnungen empfangen und bearbeiten zu k\u00f6nnen. Die Pflicht zur Ausstellung von E-Rechnungen an unternehmerische Gesch\u00e4ftspartner wird, mit verschiedenen \u00dcbergangsfristen, bis 31.12.2027 eingef\u00fchrt.<\/p>\n<p>Quelle: <a href=\"https:\/\/www.hwk-karlsruhe.de\/termine\/e-rechnung-vorgaben-erfuellen-und-vorteile-nutzen-63,0,evedetail.html?eve=1118\">https:\/\/www.hwk-karlsruhe.de\/termine\/e-rechnung-vorgaben-erfuellen-und-vorteile-nutzen-63,0,evedetail.html?eve=1118<\/a><\/p>\n<p>Bitte beachten Sie, dass wir ab dem 01.01.2025 elektronische Rechnungen ausschlie\u00dflich \u00fcber das folgendes E-Mail-Postfach akzeptieren:<\/p>\n<p><img loading=\"lazy\" decoding=\"async\" class=\"aligncenter size-medium wp-image-1491\" src=\"https:\/\/www.gloser.de\/start\/wp-content\/uploads\/2024\/12\/rechn_bild1-300x53.png\" alt=\"\" width=\"300\" height=\"53\" srcset=\"https:\/\/www.gloser.de\/start\/wp-content\/uploads\/2024\/12\/rechn_bild1-300x53.png 300w, https:\/\/www.gloser.de\/start\/wp-content\/uploads\/2024\/12\/rechn_bild1.png 355w\" sizes=\"auto, (max-width: 300px) 100vw, 300px\" \/><\/p>\n<p>Bitte \u00e4ndern Sie Ihre Kontaktdaten gegebenenfalls.<\/p>\n<p>Mit freundlichen Gr\u00fc\u00dfen<br \/>\nGloser GmbH<\/p>\n","protected":false},"excerpt":{"rendered":"<p>Sehr geehrte Damen und Herren, ab 01.01.2025 m\u00fcssen Unternehmen in Deutschland in der Lage sein, elektronische Rechnungen empfangen und bearbeiten zu k\u00f6nnen. Die Pflicht zur Ausstellung von E-Rechnungen an unternehmerische Gesch\u00e4ftspartner wird, mit verschiedenen \u00dcbergangsfristen, bis 31.12.2027 eingef\u00fchrt. Quelle: https:\/\/www.hwk-karlsruhe.de\/termine\/e-rechnung-vorgaben-erfuellen-und-vorteile-nutzen-63,0,evedetail.html?eve=1118 Bitte beachten Sie, dass wir ab dem 01.01.2025 elektronische Rechnungen ausschlie\u00dflich \u00fcber das folgendes E-Mail-Postfach &hellip; <a href=\"https:\/\/www.gloser.de\/start\/e-rechnungen\/\" class=\"more-link\"><span class=\"screen-reader-text\">E-Rechnungen<\/span> weiterlesen<\/a><\/p>\n","protected":false},"author":1,"featured_media":0,"parent":0,"menu_order":0,"comment_status":"closed","ping_status":"closed","template":"","meta":{"footnotes":""},"class_list":["post-1488","page","type-page","status-publish","hentry"],"_links":{"self":[{"href":"https:\/\/www.gloser.de\/start\/wp-json\/wp\/v2\/pages\/1488","targetHints":{"allow":["GET"]}}],"collection":[{"href":"https:\/\/www.gloser.de\/start\/wp-json\/wp\/v2\/pages"}],"about":[{"href":"https:\/\/www.gloser.de\/start\/wp-json\/wp\/v2\/types\/page"}],"author":[{"embeddable":true,"href":"https:\/\/www.gloser.de\/start\/wp-json\/wp\/v2\/users\/1"}],"replies":[{"embeddable":true,"href":"https:\/\/www.gloser.de\/start\/wp-json\/wp\/v2\/comments?post=1488"}],"version-history":[{"count":4,"href":"https:\/\/www.gloser.de\/start\/wp-json\/wp\/v2\/pages\/1488\/revisions"}],"predecessor-version":[{"id":1494,"href":"https:\/\/www.gloser.de\/start\/wp-json\/wp\/v2\/pages\/1488\/revisions\/1494"}],"wp:attachment":[{"href":"https:\/\/www.gloser.de\/start\/wp-json\/wp\/v2\/media?parent=1488"}],"curies":[{"name":"wp","href":"https:\/\/api.w.org\/{rel}","templated":true}]}}